{"id":5446,"date":"2019-06-28T08:54:34","date_gmt":"2019-06-28T00:54:34","guid":{"rendered":"https:\/\/alam-anda.com\/restaurant\/"},"modified":"2024-01-18T10:08:59","modified_gmt":"2024-01-18T02:08:59","slug":"restaurant","status":"publish","type":"page","link":"https:\/\/alam-anda.com\/de\/restaurant\/","title":{"rendered":"Restaurant"},"content":{"rendered":"\t\t<div data-elementor-type=\"wp-post\" data-elementor-id=\"5446\" class=\"elementor elementor-5446 elementor-543\" data-elementor-post-type=\"page\">\n\t\t\t\t\t\t<section class=\"elementor-section elementor-top-section elementor-element elementor-element-7504355 elementor-section-stretched elementor-section-full_width elementor-section-height-default elementor-section-height-default\" data-id=\"7504355\" data-element_type=\"section\" data-e-type=\"section\" data-settings=\"{&quot;stretch_section&quot;:&quot;section-stretched&quot;,&quot;hoteller_ext_is_background_parallax&quot;:&quot;false&quot;,&quot;hoteller_ext_is_background_backdrop&quot;:&quot;false&quot;,&quot;hoteller_ext_is_background_on_scroll&quot;:&quot;false&quot;}\">\n\t\t\t\t\t\t<div class=\"elementor-container elementor-column-gap-default\">\n\t\t\t\t\t<div class=\"elementor-column elementor-col-100 elementor-top-column elementor-element elementor-element-0a69252\" data-id=\"0a69252\" data-element_type=\"column\" data-e-type=\"column\" data-settings=\"{&quot;hoteller_ext_link_sidemenu&quot;:&quot;false&quot;,&quot;hoteller_ext_link_fullmenu&quot;:&quot;false&quot;,&quot;hoteller_ext_link_closed_fullmenu&quot;:&quot;false&quot;,&quot;hoteller_ext_is_scrollme&quot;:&quot;false&quot;,&quot;hoteller_ext_is_smoove&quot;:&quot;false&quot;,&quot;hoteller_ext_is_parallax_mouse&quot;:&quot;false&quot;,&quot;hoteller_ext_is_infinite&quot;:&quot;false&quot;,&quot;hoteller_ext_is_fadeout_animation&quot;:&quot;false&quot;,&quot;hoteller_ext_mobile_static&quot;:&quot;false&quot;}\">\n\t\t\t<div class=\"elementor-widget-wrap elementor-element-populated\">\n\t\t\t\t\t\t<div class=\"elementor-element elementor-element-92b8dfd animated-slow elementor-invisible elementor-widget elementor-widget-hoteller-slider-parallax\" data-id=\"92b8dfd\" data-element_type=\"widget\" data-e-type=\"widget\" data-settings=\"{&quot;_animation&quot;:&quot;fadeIn&quot;,&quot;hoteller_ext_link_sidemenu&quot;:&quot;false&quot;,&quot;hoteller_ext_link_fullmenu&quot;:&quot;false&quot;,&quot;hoteller_ext_link_closed_fullmenu&quot;:&quot;false&quot;,&quot;hoteller_ext_is_scrollme&quot;:&quot;false&quot;,&quot;hoteller_ext_is_smoove&quot;:&quot;false&quot;,&quot;hoteller_ext_is_parallax_mouse&quot;:&quot;false&quot;,&quot;hoteller_ext_is_infinite&quot;:&quot;false&quot;,&quot;hoteller_ext_is_fadeout_animation&quot;:&quot;false&quot;,&quot;hoteller_ext_mobile_static&quot;:&quot;false&quot;}\" data-widget_type=\"hoteller-slider-parallax.default\">\n\t\t\t\t<div class=\"elementor-widget-container\">\n\t\t\t\t\t<div class=\"slider_parallax_wrapper\" data-autoplay=\"6000\" data-pagination=\"1\" data-navigation=\"0\">\n\t<div class=\"slider_parallax_inner\">\n\t\t<div class=\"slider_parallax_slides\">\n\t\t\t\t\t\t<div class=\"slide is-active \">\n\t\t          \t<div class=\"slide-content\">\n\t\t            \t<div class=\"caption\">\n\t\t\t\t\t\t\t<div class=\"title\"><h2><\/h2><\/div>\n\t\t\t\t\t\t\t<div class=\"text\">\n\t\t                \t\t\t\t              \t\t<\/div> \n\t\t\t                \t\t            \t<\/div>\n\t\t          \t<\/div>\n\t\t\t\t  \t<div class=\"image-container\"> \n\t\t            \t<img decoding=\"async\" src=\"https:\/\/alam-anda.com\/wp-content\/uploads\/2023\/01\/Romantic_Dinner_2_Drone.jpg\" alt=\"\" class=\"image\" \/>\n\t\t          \t<\/div>\n\t\t        <\/div>\n\t\t\t\t\t\t<div class=\"slide  \">\n\t\t          \t<div class=\"slide-content\">\n\t\t            \t<div class=\"caption\">\n\t\t\t\t\t\t\t<div class=\"title\"><h2><\/h2><\/div>\n\t\t\t\t\t\t\t<div class=\"text\">\n\t\t                \t\t\t\t              \t\t<\/div> \n\t\t\t                \t\t            \t<\/div>\n\t\t          \t<\/div>\n\t\t\t\t  \t<div class=\"image-container\"> \n\t\t            \t<img decoding=\"async\" src=\"https:\/\/alam-anda.com\/wp-content\/uploads\/2023\/05\/Restaurant_4_Tables.jpg\" alt=\"\" class=\"image\" \/>\n\t\t          \t<\/div>\n\t\t        <\/div>\n\t\t\t\t\t\t<div class=\"slide  \">\n\t\t          \t<div class=\"slide-content\">\n\t\t            \t<div class=\"caption\">\n\t\t\t\t\t\t\t<div class=\"title\"><h2><\/h2><\/div>\n\t\t\t\t\t\t\t<div class=\"text\">\n\t\t                \t\t\t\t              \t\t<\/div> \n\t\t\t                \t\t            \t<\/div>\n\t\t          \t<\/div>\n\t\t\t\t  \t<div class=\"image-container\"> \n\t\t            \t<img decoding=\"async\" src=\"https:\/\/alam-anda.com\/wp-content\/uploads\/2023\/05\/Restaurant_6_Tables_Afternoon.jpg\" alt=\"\" class=\"image\" \/>\n\t\t          \t<\/div>\n\t\t        <\/div>\n\t\t\t\t\t\t<div class=\"slide  \">\n\t\t          \t<div class=\"slide-content\">\n\t\t            \t<div class=\"caption\">\n\t\t\t\t\t\t\t<div class=\"title\"><h2><\/h2><\/div>\n\t\t\t\t\t\t\t<div class=\"text\">\n\t\t                \t\t\t\t              \t\t<\/div> \n\t\t\t                \t\t            \t<\/div>\n\t\t          \t<\/div>\n\t\t\t\t  \t<div class=\"image-container\"> \n\t\t            \t<img decoding=\"async\" src=\"https:\/\/alam-anda.com\/wp-content\/uploads\/2023\/01\/Food_1_Buffet.jpg\" alt=\"\" class=\"image\" \/>\n\t\t          \t<\/div>\n\t\t        <\/div>\n\t\t\t\t<\/div>\n\t\t\t\t<div class=\"pagination\">\n\t\t\t\t\t        <div class=\"item is-active\"> \n\t\t          <span class=\"icon\">1<\/span>\n\t\t        <\/div>\n\t        \t\t        <div class=\"item \"> \n\t\t          <span class=\"icon\">2<\/span>\n\t\t        <\/div>\n\t        \t\t        <div class=\"item \"> \n\t\t          <span class=\"icon\">3<\/span>\n\t\t        <\/div>\n\t        \t\t        <div class=\"item \"> \n\t\t          <span class=\"icon\">4<\/span>\n\t\t        <\/div>\n\t        \t    <\/div>\n\t    \t    \t<\/div>\n<\/div>\n\t\t\t\t<\/div>\n\t\t\t\t<\/div>\n\t\t\t\t\t<\/div>\n\t\t<\/div>\n\t\t\t\t\t<\/div>\n\t\t<\/section>\n\t\t\t\t<section class=\"elementor-section elementor-top-section elementor-element elementor-element-d83c775 elementor-section-boxed elementor-section-height-default elementor-section-height-default\" data-id=\"d83c775\" data-element_type=\"section\" data-e-type=\"section\" data-settings=\"{&quot;hoteller_ext_is_background_parallax&quot;:&quot;false&quot;,&quot;hoteller_ext_is_background_backdrop&quot;:&quot;false&quot;,&quot;hoteller_ext_is_background_on_scroll&quot;:&quot;false&quot;}\">\n\t\t\t\t\t\t<div class=\"elementor-container elementor-column-gap-default\">\n\t\t\t\t\t<div class=\"elementor-column elementor-col-50 elementor-top-column elementor-element elementor-element-13b3dba\" data-id=\"13b3dba\" data-element_type=\"column\" data-e-type=\"column\" data-settings=\"{&quot;hoteller_ext_link_sidemenu&quot;:&quot;false&quot;,&quot;hoteller_ext_link_fullmenu&quot;:&quot;false&quot;,&quot;hoteller_ext_link_closed_fullmenu&quot;:&quot;false&quot;,&quot;hoteller_ext_is_scrollme&quot;:&quot;false&quot;,&quot;hoteller_ext_is_smoove&quot;:&quot;false&quot;,&quot;hoteller_ext_is_parallax_mouse&quot;:&quot;false&quot;,&quot;hoteller_ext_is_infinite&quot;:&quot;false&quot;,&quot;hoteller_ext_is_fadeout_animation&quot;:&quot;false&quot;,&quot;hoteller_ext_mobile_static&quot;:&quot;false&quot;}\">\n\t\t\t<div class=\"elementor-widget-wrap elementor-element-populated\">\n\t\t\t\t\t\t<div class=\"elementor-element elementor-element-31751df elementor-widget elementor-widget-image\" data-id=\"31751df\" data-element_type=\"widget\" data-e-type=\"widget\" data-settings=\"{&quot;hoteller_image_is_animation&quot;:&quot;false&quot;,&quot;hoteller_ext_link_sidemenu&quot;:&quot;false&quot;,&quot;hoteller_ext_link_fullmenu&quot;:&quot;false&quot;,&quot;hoteller_ext_link_closed_fullmenu&quot;:&quot;false&quot;,&quot;hoteller_ext_is_scrollme&quot;:&quot;false&quot;,&quot;hoteller_ext_is_smoove&quot;:&quot;false&quot;,&quot;hoteller_ext_is_parallax_mouse&quot;:&quot;false&quot;,&quot;hoteller_ext_is_infinite&quot;:&quot;false&quot;,&quot;hoteller_ext_is_fadeout_animation&quot;:&quot;false&quot;,&quot;hoteller_ext_mobile_static&quot;:&quot;false&quot;}\" data-widget_type=\"image.default\">\n\t\t\t\t<div class=\"elementor-widget-container\">\n\t\t\t\t\t\t\t\t\t\t\t\t\t\t\t<img fetchpriority=\"high\" decoding=\"async\" width=\"683\" height=\"1024\" src=\"https:\/\/alam-anda.com\/wp-content\/uploads\/2023\/01\/Serving_Food_18_TableSet.jpeg\" class=\"attachment-full size-full wp-image-3503\" alt=\"\" srcset=\"https:\/\/alam-anda.com\/wp-content\/uploads\/2023\/01\/Serving_Food_18_TableSet.jpeg 683w, https:\/\/alam-anda.com\/wp-content\/uploads\/2023\/01\/Serving_Food_18_TableSet-200x300.jpeg 200w, https:\/\/alam-anda.com\/wp-content\/uploads\/2023\/01\/Serving_Food_18_TableSet-440x660.jpeg 440w, https:\/\/alam-anda.com\/wp-content\/uploads\/2023\/01\/Serving_Food_18_TableSet-600x900.jpeg 600w\" sizes=\"(max-width: 683px) 100vw, 683px\" \/>\t\t\t\t\t\t\t\t\t\t\t\t\t\t\t<\/div>\n\t\t\t\t<\/div>\n\t\t\t\t<div class=\"elementor-element elementor-element-492a524 elementor-widget elementor-widget-image\" data-id=\"492a524\" data-element_type=\"widget\" data-e-type=\"widget\" data-settings=\"{&quot;hoteller_image_is_animation&quot;:&quot;false&quot;,&quot;hoteller_ext_link_sidemenu&quot;:&quot;false&quot;,&quot;hoteller_ext_link_fullmenu&quot;:&quot;false&quot;,&quot;hoteller_ext_link_closed_fullmenu&quot;:&quot;false&quot;,&quot;hoteller_ext_is_scrollme&quot;:&quot;false&quot;,&quot;hoteller_ext_is_smoove&quot;:&quot;false&quot;,&quot;hoteller_ext_is_parallax_mouse&quot;:&quot;false&quot;,&quot;hoteller_ext_is_infinite&quot;:&quot;false&quot;,&quot;hoteller_ext_is_fadeout_animation&quot;:&quot;false&quot;,&quot;hoteller_ext_mobile_static&quot;:&quot;false&quot;}\" data-widget_type=\"image.default\">\n\t\t\t\t<div class=\"elementor-widget-container\">\n\t\t\t\t\t\t\t\t\t\t\t\t\t\t\t<img decoding=\"async\" width=\"1024\" height=\"683\" src=\"https:\/\/alam-anda.com\/wp-content\/uploads\/2023\/05\/Food_3_Coconut.jpg\" class=\"attachment-full size-full wp-image-4663\" alt=\"\" srcset=\"https:\/\/alam-anda.com\/wp-content\/uploads\/2023\/05\/Food_3_Coconut.jpg 1024w, https:\/\/alam-anda.com\/wp-content\/uploads\/2023\/05\/Food_3_Coconut-300x200.jpg 300w, https:\/\/alam-anda.com\/wp-content\/uploads\/2023\/05\/Food_3_Coconut-768x512.jpg 768w, https:\/\/alam-anda.com\/wp-content\/uploads\/2023\/05\/Food_3_Coconut-700x466.jpg 700w, https:\/\/alam-anda.com\/wp-content\/uploads\/2023\/05\/Food_3_Coconut-440x293.jpg 440w, https:\/\/alam-anda.com\/wp-content\/uploads\/2023\/05\/Food_3_Coconut-600x400.jpg 600w\" sizes=\"(max-width: 1024px) 100vw, 1024px\" \/>\t\t\t\t\t\t\t\t\t\t\t\t\t\t\t<\/div>\n\t\t\t\t<\/div>\n\t\t\t\t\t<\/div>\n\t\t<\/div>\n\t\t\t\t<div class=\"elementor-column elementor-col-50 elementor-top-column elementor-element elementor-element-c0491fc\" data-id=\"c0491fc\" data-element_type=\"column\" data-e-type=\"column\" data-settings=\"{&quot;hoteller_ext_link_sidemenu&quot;:&quot;false&quot;,&quot;hoteller_ext_link_fullmenu&quot;:&quot;false&quot;,&quot;hoteller_ext_link_closed_fullmenu&quot;:&quot;false&quot;,&quot;hoteller_ext_is_scrollme&quot;:&quot;false&quot;,&quot;hoteller_ext_is_smoove&quot;:&quot;false&quot;,&quot;hoteller_ext_is_parallax_mouse&quot;:&quot;false&quot;,&quot;hoteller_ext_is_infinite&quot;:&quot;false&quot;,&quot;hoteller_ext_is_fadeout_animation&quot;:&quot;false&quot;,&quot;hoteller_ext_mobile_static&quot;:&quot;false&quot;}\">\n\t\t\t<div class=\"elementor-widget-wrap elementor-element-populated\">\n\t\t\t\t\t\t<div class=\"elementor-element elementor-element-11b23aa elementor-invisible elementor-widget elementor-widget-heading\" data-id=\"11b23aa\" data-element_type=\"widget\" data-e-type=\"widget\" data-settings=\"{&quot;_animation&quot;:&quot;fadeInUp&quot;,&quot;hoteller_ext_link_sidemenu&quot;:&quot;false&quot;,&quot;hoteller_ext_link_fullmenu&quot;:&quot;false&quot;,&quot;hoteller_ext_link_closed_fullmenu&quot;:&quot;false&quot;,&quot;hoteller_ext_is_scrollme&quot;:&quot;false&quot;,&quot;hoteller_ext_is_smoove&quot;:&quot;false&quot;,&quot;hoteller_ext_is_parallax_mouse&quot;:&quot;false&quot;,&quot;hoteller_ext_is_infinite&quot;:&quot;false&quot;,&quot;hoteller_ext_is_fadeout_animation&quot;:&quot;false&quot;,&quot;hoteller_ext_mobile_static&quot;:&quot;false&quot;}\" data-widget_type=\"heading.default\">\n\t\t\t\t<div class=\"elementor-widget-container\">\n\t\t\t\t\t<h2 class=\"elementor-heading-title elementor-size-default\">Wo der Geschmack Sie berauscht<\/h2>\t\t\t\t<\/div>\n\t\t\t\t<\/div>\n\t\t\t\t<div class=\"elementor-element elementor-element-c6fa1ca elementor-invisible elementor-widget elementor-widget-text-editor\" data-id=\"c6fa1ca\" data-element_type=\"widget\" data-e-type=\"widget\" data-settings=\"{&quot;_animation&quot;:&quot;fadeInUp&quot;,&quot;_animation_delay&quot;:200,&quot;hoteller_ext_link_sidemenu&quot;:&quot;false&quot;,&quot;hoteller_ext_link_fullmenu&quot;:&quot;false&quot;,&quot;hoteller_ext_link_closed_fullmenu&quot;:&quot;false&quot;,&quot;hoteller_ext_is_scrollme&quot;:&quot;false&quot;,&quot;hoteller_ext_is_smoove&quot;:&quot;false&quot;,&quot;hoteller_ext_is_parallax_mouse&quot;:&quot;false&quot;,&quot;hoteller_ext_is_infinite&quot;:&quot;false&quot;,&quot;hoteller_ext_is_fadeout_animation&quot;:&quot;false&quot;,&quot;hoteller_ext_mobile_static&quot;:&quot;false&quot;}\" data-widget_type=\"text-editor.default\">\n\t\t\t\t<div class=\"elementor-widget-container\">\n\t\t\t\t\t\t\t\t\t<p>In unserem offenen Restaurant &#8222;Enak&#8220;, nur wenige Meter von unserem Naturstein-Felsen-Schwimmbecken entfernt, werden Ihnen traditionelle indonesische und balinesische Gerichte, internationale K\u00fcche und nat\u00fcrlich fangfrischer Fisch serviert. Das indonesische Wort \u201eenak\u201c bedeutet &#8222;k\u00f6stlich&#8220; und steht sinnbildlich auch f\u00fcr unsere umfangreiche Speisekarte.<\/p><p>In unmittelbarer N\u00e4he zum Restaurant ist das kleine Areal, in dem wir verschiedenste Arten von Steinofen-Pizza fertigen \u2013 umrahmt von einem Garten mit Palmen, \u00fcppigem Gras und immergr\u00fcnen Kambodscha-B\u00e4umen. Und beim Blick auf das Meer k\u00f6nnen Sie den perfekten Sonnenuntergang genie\u00dfen \u2013 auf Wunsch sogar mit einem Kerzenschein-Dinner am Pool.<\/p><p>Dazu genie\u00dfen Sie leichte Erfrischungen, unsere frischen Fruchts\u00e4fte \u2013 aus bestem regionalen Obst vom Markt in Bedugul zubereitet, eine gro\u00dfe Auswahl an einheimischen und australischen Weinen oder diverse Cocktails und frisch gezapftes Bier vom Fass aus unserer Lobby-Bar.<\/p><p>Unser Restaurant bietet Ihnen au\u00dferdem jeden Sonntag ab 7 Uhr morgens unser Fr\u00fchst\u00fccksbuffet, das auch traditionelle Spezialit\u00e4ten aus Bali umfasst. Auf Wunsch servieren wir Ihnen auch gerne k\u00f6stliche Spezialit\u00e4ten und Getr\u00e4nke in Ihrem privaten Bungalow oder Ihrer Villa, gegen einen minimalen Aufpreis.<\/p>\t\t\t\t\t\t\t\t<\/div>\n\t\t\t\t<\/div>\n\t\t\t\t\t<\/div>\n\t\t<\/div>\n\t\t\t\t\t<\/div>\n\t\t<\/section>\n\t\t\t\t<\/div>\n\t\t","protected":false},"excerpt":{"rendered":"<p>1 2 3 4 Wo der Geschmack Sie berauscht In unserem offenen Restaurant &#8222;Enak&#8220;, nur wenige Meter von unserem Naturstein-Felsen-Schwimmbecken entfernt, werden Ihnen traditionelle indonesische und balinesische Gerichte, internationale K\u00fcche und nat\u00fcrlich fangfrischer Fisch serviert. Das indonesische Wort \u201eenak\u201c bedeutet [&hellip;]<\/p>\n","protected":false},"author":1,"featured_media":0,"parent":0,"menu_order":0,"comment_status":"closed","ping_status":"closed","template":"","meta":{"loftloader_page_shortcode":"","footnotes":""},"class_list":["post-5446","page","type-page","status-publish","hentry"],"yoast_head":"<!-- This site is optimized with the Yoast SEO Premium plugin v24.7 (Yoast SEO v27.3) - https:\/\/yoast.com\/product\/yoast-seo-premium-wordpress\/ -->\n<title>Restaurant - Alam Anda<\/title>\n<meta name=\"robots\" content=\"index, follow, max-snippet:-1, max-image-preview:large, max-video-preview:-1\" \/>\n<link rel=\"canonical\" href=\"https:\/\/alam-anda.com\/de\/restaurant\/\" \/>\n<meta property=\"og:locale\" content=\"de_DE\" \/>\n<meta property=\"og:type\" content=\"article\" \/>\n<meta property=\"og:title\" content=\"Restaurant\" \/>\n<meta property=\"og:description\" content=\"1 2 3 4 Wo der Geschmack Sie berauscht In unserem offenen Restaurant &#8222;Enak&#8220;, nur wenige Meter von unserem Naturstein-Felsen-Schwimmbecken entfernt, werden Ihnen traditionelle indonesische und balinesische Gerichte, internationale K\u00fcche und nat\u00fcrlich fangfrischer Fisch serviert. Das indonesische Wort \u201eenak\u201c bedeutet [&hellip;]\" \/>\n<meta property=\"og:url\" content=\"https:\/\/alam-anda.com\/de\/restaurant\/\" \/>\n<meta property=\"og:site_name\" content=\"Alam Anda\" \/>\n<meta property=\"article:modified_time\" content=\"2024-01-18T02:08:59+00:00\" \/>\n<meta property=\"og:image\" content=\"https:\/\/alam-anda.com\/wp-content\/uploads\/2023\/01\/Romantic_Dinner_2_Drone.jpg\" \/>\n<meta name=\"twitter:card\" content=\"summary_large_image\" \/>\n<meta name=\"twitter:label1\" content=\"Gesch\u00e4tzte Lesezeit\" \/>\n\t<meta name=\"twitter:data1\" content=\"2\u00a0Minuten\" \/>\n<script type=\"application\/ld+json\" class=\"yoast-schema-graph\">{\"@context\":\"https:\\\/\\\/schema.org\",\"@graph\":[{\"@type\":\"WebPage\",\"@id\":\"https:\\\/\\\/alam-anda.com\\\/de\\\/restaurant\\\/\",\"url\":\"https:\\\/\\\/alam-anda.com\\\/de\\\/restaurant\\\/\",\"name\":\"Restaurant - Alam Anda\",\"isPartOf\":{\"@id\":\"https:\\\/\\\/alam-anda.com\\\/de\\\/#website\"},\"primaryImageOfPage\":{\"@id\":\"https:\\\/\\\/alam-anda.com\\\/de\\\/restaurant\\\/#primaryimage\"},\"image\":{\"@id\":\"https:\\\/\\\/alam-anda.com\\\/de\\\/restaurant\\\/#primaryimage\"},\"thumbnailUrl\":\"https:\\\/\\\/alam-anda.com\\\/wp-content\\\/uploads\\\/2023\\\/01\\\/Romantic_Dinner_2_Drone.jpg\",\"datePublished\":\"2019-06-28T00:54:34+00:00\",\"dateModified\":\"2024-01-18T02:08:59+00:00\",\"breadcrumb\":{\"@id\":\"https:\\\/\\\/alam-anda.com\\\/de\\\/restaurant\\\/#breadcrumb\"},\"inLanguage\":\"de\",\"potentialAction\":[{\"@type\":\"ReadAction\",\"target\":[\"https:\\\/\\\/alam-anda.com\\\/de\\\/restaurant\\\/\"]}]},{\"@type\":\"ImageObject\",\"inLanguage\":\"de\",\"@id\":\"https:\\\/\\\/alam-anda.com\\\/de\\\/restaurant\\\/#primaryimage\",\"url\":\"https:\\\/\\\/alam-anda.com\\\/wp-content\\\/uploads\\\/2023\\\/01\\\/Romantic_Dinner_2_Drone.jpg\",\"contentUrl\":\"https:\\\/\\\/alam-anda.com\\\/wp-content\\\/uploads\\\/2023\\\/01\\\/Romantic_Dinner_2_Drone.jpg\"},{\"@type\":\"BreadcrumbList\",\"@id\":\"https:\\\/\\\/alam-anda.com\\\/de\\\/restaurant\\\/#breadcrumb\",\"itemListElement\":[{\"@type\":\"ListItem\",\"position\":1,\"name\":\"Home\",\"item\":\"https:\\\/\\\/alam-anda.com\\\/de\\\/\"},{\"@type\":\"ListItem\",\"position\":2,\"name\":\"Restaurant\"}]},{\"@type\":\"WebSite\",\"@id\":\"https:\\\/\\\/alam-anda.com\\\/de\\\/#website\",\"url\":\"https:\\\/\\\/alam-anda.com\\\/de\\\/\",\"name\":\"Alam Anda\",\"description\":\"Ocean Front Resort &amp; Spa\",\"potentialAction\":[{\"@type\":\"SearchAction\",\"target\":{\"@type\":\"EntryPoint\",\"urlTemplate\":\"https:\\\/\\\/alam-anda.com\\\/de\\\/?s={search_term_string}\"},\"query-input\":{\"@type\":\"PropertyValueSpecification\",\"valueRequired\":true,\"valueName\":\"search_term_string\"}}],\"inLanguage\":\"de\"}]}<\/script>\n<!-- \/ Yoast SEO Premium plugin. -->","yoast_head_json":{"title":"Restaurant - Alam Anda","robots":{"index":"index","follow":"follow","max-snippet":"max-snippet:-1","max-image-preview":"max-image-preview:large","max-video-preview":"max-video-preview:-1"},"canonical":"https:\/\/alam-anda.com\/de\/restaurant\/","og_locale":"de_DE","og_type":"article","og_title":"Restaurant","og_description":"1 2 3 4 Wo der Geschmack Sie berauscht In unserem offenen Restaurant &#8222;Enak&#8220;, nur wenige Meter von unserem Naturstein-Felsen-Schwimmbecken entfernt, werden Ihnen traditionelle indonesische und balinesische Gerichte, internationale K\u00fcche und nat\u00fcrlich fangfrischer Fisch serviert. Das indonesische Wort \u201eenak\u201c bedeutet [&hellip;]","og_url":"https:\/\/alam-anda.com\/de\/restaurant\/","og_site_name":"Alam Anda","article_modified_time":"2024-01-18T02:08:59+00:00","og_image":[{"url":"https:\/\/alam-anda.com\/wp-content\/uploads\/2023\/01\/Romantic_Dinner_2_Drone.jpg","type":"","width":"","height":""}],"twitter_card":"summary_large_image","twitter_misc":{"Gesch\u00e4tzte Lesezeit":"2\u00a0Minuten"},"schema":{"@context":"https:\/\/schema.org","@graph":[{"@type":"WebPage","@id":"https:\/\/alam-anda.com\/de\/restaurant\/","url":"https:\/\/alam-anda.com\/de\/restaurant\/","name":"Restaurant - Alam Anda","isPartOf":{"@id":"https:\/\/alam-anda.com\/de\/#website"},"primaryImageOfPage":{"@id":"https:\/\/alam-anda.com\/de\/restaurant\/#primaryimage"},"image":{"@id":"https:\/\/alam-anda.com\/de\/restaurant\/#primaryimage"},"thumbnailUrl":"https:\/\/alam-anda.com\/wp-content\/uploads\/2023\/01\/Romantic_Dinner_2_Drone.jpg","datePublished":"2019-06-28T00:54:34+00:00","dateModified":"2024-01-18T02:08:59+00:00","breadcrumb":{"@id":"https:\/\/alam-anda.com\/de\/restaurant\/#breadcrumb"},"inLanguage":"de","potentialAction":[{"@type":"ReadAction","target":["https:\/\/alam-anda.com\/de\/restaurant\/"]}]},{"@type":"ImageObject","inLanguage":"de","@id":"https:\/\/alam-anda.com\/de\/restaurant\/#primaryimage","url":"https:\/\/alam-anda.com\/wp-content\/uploads\/2023\/01\/Romantic_Dinner_2_Drone.jpg","contentUrl":"https:\/\/alam-anda.com\/wp-content\/uploads\/2023\/01\/Romantic_Dinner_2_Drone.jpg"},{"@type":"BreadcrumbList","@id":"https:\/\/alam-anda.com\/de\/restaurant\/#breadcrumb","itemListElement":[{"@type":"ListItem","position":1,"name":"Home","item":"https:\/\/alam-anda.com\/de\/"},{"@type":"ListItem","position":2,"name":"Restaurant"}]},{"@type":"WebSite","@id":"https:\/\/alam-anda.com\/de\/#website","url":"https:\/\/alam-anda.com\/de\/","name":"Alam Anda","description":"Ocean Front Resort &amp; Spa","potentialAction":[{"@type":"SearchAction","target":{"@type":"EntryPoint","urlTemplate":"https:\/\/alam-anda.com\/de\/?s={search_term_string}"},"query-input":{"@type":"PropertyValueSpecification","valueRequired":true,"valueName":"search_term_string"}}],"inLanguage":"de"}]}},"_links":{"self":[{"href":"https:\/\/alam-anda.com\/de\/wp-json\/wp\/v2\/pages\/5446","targetHints":{"allow":["GET"]}}],"collection":[{"href":"https:\/\/alam-anda.com\/de\/wp-json\/wp\/v2\/pages"}],"about":[{"href":"https:\/\/alam-anda.com\/de\/wp-json\/wp\/v2\/types\/page"}],"author":[{"embeddable":true,"href":"https:\/\/alam-anda.com\/de\/wp-json\/wp\/v2\/users\/1"}],"replies":[{"embeddable":true,"href":"https:\/\/alam-anda.com\/de\/wp-json\/wp\/v2\/comments?post=5446"}],"version-history":[{"count":0,"href":"https:\/\/alam-anda.com\/de\/wp-json\/wp\/v2\/pages\/5446\/revisions"}],"wp:attachment":[{"href":"https:\/\/alam-anda.com\/de\/wp-json\/wp\/v2\/media?parent=5446"}],"curies":[{"name":"wp","href":"https:\/\/api.w.org\/{rel}","templated":true}]}}